{"id":7051,"date":"2022-12-23T10:19:48","date_gmt":"2022-12-23T10:19:48","guid":{"rendered":"http:\/\/localhost\/wordpress\/?page_id=7051"},"modified":"2024-09-06T15:09:45","modified_gmt":"2024-09-06T12:09:45","slug":"documente-diplomatice","status":"publish","type":"page","link":"https:\/\/www.idr.ro\/en\/documente-diplomatice\/","title":{"rendered":"Diplomatic Documents"},"content":{"rendered":"<section class=\"wpb-content-wrapper\"><p>[vc_row css=&#8221;.vc_custom_1672231754049{margin-bottom: 30px !important;}&#8221;][vc_column][vc_column_text][\/vc_column_text][\/vc_column][\/vc_row][vc_row][vc_column][vc_column_text]<strong>Diplomatic documents: <\/strong><\/p>\n<p style=\"text-align: justify;\"><a href=\"https:\/\/idr.ro\/publicatii\/DDR1883.pdf\"><em>Documente Diplomatice Rom\u00e2ne 1883 (seria I, volum 11)<\/em><\/a>, editors Alin Ciupal\u0103, Rudolf Dinu (coordinator),\u00a0 Antal Lukacs, Editura Academiei, Bucharest, 2006.<\/p>\n<p style=\"text-align: justify;\"><a href=\"https:\/\/idr.ro\/publicatii\/DDR1884_1885.pdf\"><em>Documente diplomatice rom\u00e2ne 1884-1885 (seria I, volumul 12)<\/em><\/a>, editors Rudolf Dinu (coordinator), Alin Ciupal\u0103, Antal Lukacs, associate editors Anca-Gra\u0163iela Moga, Nicolae Nicolaescu, Editura Conphys, R\u00e2mnicu V\u00e2lcea, 2010.<\/p>\n<p style=\"text-align: justify;\"><a href=\"https:\/\/idr.ro\/publicatii\/DOCUMENTE_DIPLOMATICE_Romane_1886.pdf\"><em>Documente Diplomatice Rom\u00e2ne 1886 (seria I, volumul 13)<\/em><\/a>, editors Alin Ciupal\u0103, Antal Luk\u00e1cs, Lidia Tr\u0103u\u015fan-Matu, Editura Monitorul Oficial, Bucharest, 2016.<\/p>\n<p style=\"text-align: justify;\"><a href=\"https:\/\/idr.ro\/publicatii\/Documente_Diplomatice_1914_1918.pdf\"><em>Documente Diplomatice Rom\u00e2ne 1914-1918 (seria I)<\/em><\/a>, editors Daniel-Valeriu Boboc, Ovidiu Bozgan (coordinator), Cristian-Tudor \u0218erban, Delia Voicu, Editura Monitorul Oficial, Bucharest, 2024.<\/p>\n<p style=\"text-align: justify;\"><a href=\"https:\/\/www.idr.ro\/publicatii\/DDRI1936.pdf\"><em>Documente Diplomatice Rom\u00e2ne 1936 (seria a II-a, volumul 18, partea I)<\/em><\/a>, editors Lauren\u0163iu Constantiniu, Alin-Victor Matei, Editura Academiei, Bucharest, 2008.<\/p>\n<p style=\"text-align: justify;\"><a href=\"https:\/\/www.idr.ro\/publicatii\/DDR21936.pdf\"><em>Documente Diplomatice Rom\u00e2ne 1936 (seria a II-a, volumul 18, partea II)<\/em><\/a>, editors Lauren\u0163iu Constantiniu, Alin-Victor Matei, Andrei \u0218iperco, Editura Conphys, R\u00e2mnicu V\u00e2lcea, 2010.<\/p>\n<p style=\"text-align: justify;\"><a href=\"https:\/\/idr.ro\/publicatii\/DOCUMENTE_DIPLOMATICE_ROMANE_1937.pdf\"><em>Documente Diplomatice Rom\u00e2ne 1937 (seria a II-a, volumul 19)<\/em><\/a>, editors Alin-Victor Matei, Lauren\u0163iu Constantiniu, Andrei \u015eiperco, Bogdan Antoniu, Editura Monitorul Oficial, Bucharest, 2016.<\/p>\n<p style=\"text-align: justify;\"><a href=\"https:\/\/www.idr.ro\/publicatii\/PRIZONIERII_ROMANI_URSS_1941-1956.pdf\"><em>Prizonieri de R\u0103zboi Rom\u00e2ni \u00een Uniunea Sovietic\u0103 \u2013 Documente 1941-1956<\/em><\/a>, editors Lauren\u0163iu Constantiniu, Ilie Schipor, Vitalie V\u0103ratic (coordinator), Vladimir Ivanovici Korotaev, Vladimir Nikolaevici Kuzelenkov, Editura Monitorul Oficial, Bucharest, 2013.<\/p>\n<p style=\"text-align: justify;\"><a href=\"https:\/\/www.idr.ro\/publicatii\/ddr3.pdf\"><em>Documente Diplomatice Rom\u00e2ne: Rom\u00e2nia \u015fi Tratatul de la Var\u015fovia, conferin\u0163ele mini\u015ftrilor afacerilor externe \u015fi ale adjunc\u021bilor lor 1966-1991 (seria III)<\/em><\/a>, editor Mioara Anton, Editura Alpha MDN, Buz\u0103u, 2009.<\/p>\n<p><strong>Diplomatic history:<\/strong><\/p>\n<p style=\"text-align: justify;\"><a href=\"https:\/\/www.idr.ro\/publicatii\/Amintiridiplomatice.pdf\"><em>Memorialistic\u0103 Diplomatic\u0103 (volumul I), Alexandru Em. Lahovary, Amintiri diplomatice: Constantinopol (1902-1906). Viena (1906-1908)<\/em><\/a>, editors Adrian St\u0103nescu, Lauren\u0163iu Vlad (preface), Editura Institutul European, Ia\u0219i, 2009.<\/p>\n<p>[\/vc_column_text][\/vc_column][\/vc_row]<\/p>\n<\/section>","protected":false},"excerpt":{"rendered":"<p>[vc_row css=&#8221;.vc_custom_1672231754049{margin-bottom: 30px !important;}&#8221;][vc_column][vc_column_text][\/vc_column_text][\/vc_column][\/vc_row][vc_row][vc_column][vc_column_text]Diplomatic documents: Documente Diplomatice Rom\u00e2ne 1883 (seria I, volum 11), editors Alin Ciupal\u0103, Rudolf Dinu (coordinator),\u00a0 Antal Lukacs, Editura Academiei, Bucharest, 2006. Documente diplomatice rom\u00e2ne 1884-1885 (seria I, volumul 12), editors Rudolf Dinu (coordinator), Alin Ciupal\u0103, Antal Lukacs, associate editors Anca-Gra\u0163iela Moga, Nicolae Nicolaescu, Editura Conphys, R\u00e2mnicu V\u00e2lcea, 2010. Documente Diplomatice Rom\u00e2ne<\/p>\n","protected":false},"author":1,"featured_media":0,"parent":0,"menu_order":0,"comment_status":"closed","ping_status":"closed","template":"","meta":{"footnotes":""},"class_list":["post-7051","page","type-page","status-publish","hentry"],"_links":{"self":[{"href":"https:\/\/www.idr.ro\/en\/wp-json\/wp\/v2\/pages\/7051","targetHints":{"allow":["GET"]}}],"collection":[{"href":"https:\/\/www.idr.ro\/en\/wp-json\/wp\/v2\/pages"}],"about":[{"href":"https:\/\/www.idr.ro\/en\/wp-json\/wp\/v2\/types\/page"}],"author":[{"embeddable":true,"href":"https:\/\/www.idr.ro\/en\/wp-json\/wp\/v2\/users\/1"}],"replies":[{"embeddable":true,"href":"https:\/\/www.idr.ro\/en\/wp-json\/wp\/v2\/comments?post=7051"}],"version-history":[{"count":10,"href":"https:\/\/www.idr.ro\/en\/wp-json\/wp\/v2\/pages\/7051\/revisions"}],"predecessor-version":[{"id":8475,"href":"https:\/\/www.idr.ro\/en\/wp-json\/wp\/v2\/pages\/7051\/revisions\/8475"}],"wp:attachment":[{"href":"https:\/\/www.idr.ro\/en\/wp-json\/wp\/v2\/media?parent=7051"}],"curies":[{"name":"wp","href":"https:\/\/api.w.org\/{rel}","templated":true}]}}